{"id":3344,"date":"2018-09-06T11:41:30","date_gmt":"2018-09-06T11:41:30","guid":{"rendered":"https:\/\/pravaistinaodiskoplesu.com\/?page_id=3344"},"modified":"2018-10-21T14:52:01","modified_gmt":"2018-10-21T14:52:01","slug":"prava-istina-o-koktelima","status":"publish","type":"page","link":"https:\/\/pravaistinaodiskoplesu.com\/en\/prava-istina-o-koktelima\/","title":{"rendered":"The real truth about cocktails"},"content":{"rendered":"<p>[vc_section full_width=&#8221;stretch_row&#8221; bg_overlay=&#8221;dark&#8221; css=&#8221;.vc_custom_1539248236277{background-image: url(https:\/\/pravaistinaodiskoplesu.com\/wp-content\/uploads\/2018\/10\/Pozadina_koktel.jpg?id=4803) !important;background-position: 0 0 !important;background-repeat: repeat !important;}&#8221; el_class=&#8221;block-cocktail&#8221;][vc_row][vc_column]<div class=\"es-resp\">\t<div class=\"hidden-sm hidden-ms hidden-xs\" style=\"height: 100px;\"><\/div>\t<div class=\"hidden-xl hidden-lg hidden-md hidden-xs\" style=\"height: 100px;\"><\/div>\t<div class=\"visible-xs\" style=\"height: 0px;\"><\/div><\/div>[\/vc_column][\/vc_row][vc_row][vc_column]<div class=\"heading  head-subheader align-center color-white subcolor-second transform-all-up   vc_custom_1538056173012\" id=\"like_sc_header_1385704811\"><h4 class=\"subheader\">About the play<\/h4><h2 class=\"header\">The real truth about cocktails<\/h2><\/div>[vc_column_text css=&#8221;.vc_custom_1538056238740{margin-bottom: 100px !important;}&#8221;]<span style=\"font-size: 18pt;\">Such a never-seen-before form of entertainment is innovation in the world of entertainment programs. This performance is a combination of laughter, dance, competition, entertainment and interaction with the audience, but is also educational. In a form of a 60-minute show, there is an unmistakable mastery and ability to create top cocktails by Vjenceslav Madi\u0107 (Master Kishoni) by the author&#8217;s recipe, accompanied by the comedian Tr\u017ean-Juri\u0107 and their attractive dancers. Throughout the show, about 60 cocktails are distributed to the audience.<\/span>[\/vc_column_text][vc_column_text]<\/p>\n<p style=\"text-align: center;\"><span style=\"font-size: 24pt;\"><strong>WATCH THE TRAILER<\/strong><\/span><\/p>\n<p>[\/vc_column_text][\/vc_column][\/vc_row][vc_row full_width=&#8221;stretch_row&#8221; bg_pos=&#8221;center-bottom&#8221; text_align=&#8221;center&#8221; theme_section=&#8221;displaced-top&#8221; css=&#8221;.vc_custom_1538564307192{background-image: url(https:\/\/pravaistinaodiskoplesu.com\/wp-content\/uploads\/2018\/10\/waves-pad.png?id=4794) !important;background-position: center !important;background-repeat: no-repeat !important;background-size: cover !important;}&#8221;][vc_column][vc_column_text]<div class=\"epyt-video-wrapper\"><iframe  id=\"_ytid_30865\"  width=\"1170\" height=\"658\"  data-origwidth=\"1170\" data-origheight=\"658\" src=\"https:\/\/www.youtube.com\/embed\/obyMmh1qQZw?enablejsapi=1&autoplay=0&cc_load_policy=0&cc_lang_pref=&iv_load_policy=3&loop=0&modestbranding=0&rel=0&fs=1&playsinline=0&autohide=2&theme=dark&color=red&controls=1&\" class=\"__youtube_prefs__  no-lazyload\" title=\"YouTube player\"  allow=\"fullscreen; accelerometer; autoplay; clipboard-write; encrypted-media; gyroscope; picture-in-picture\" allowfullscreen data-no-lazy=\"1\" data-skipgform_ajax_framebjll=\"\"><\/iframe><\/div>[\/vc_column_text][\/vc_column][\/vc_row][vc_row css=&#8221;.vc_custom_1536064965410{padding-bottom: 50px !important;}&#8221;][vc_column][vc_single_image image=&#8221;3412&#8243; img_size=&#8221;full&#8221; alignment=&#8221;center&#8221; style=&#8221;vc_box_rounded&#8221;][vc_column_text]<\/p>\n<p style=\"text-align: center;\"><span style=\"font-size: 18pt;\">Do you know the real truth about the cocktail called &#8220;Sex on the beach&#8221;?<\/span><\/p>\n<p style=\"text-align: center;\"><span style=\"font-size: 18pt;\">Which dance moves did you use during sipping on Cuban cocktails?<\/span><\/p>\n<p style=\"text-align: center;\"><span style=\"font-size: 18pt;\">Did you know how James Bond ordered his favorite cocktail Vodka-Martini?<\/span><\/p>\n<p style=\"text-align: center;\"><span style=\"font-size: 18pt;\">The answers to these and similar questions you can find out on our show &#8220;The Real Truth About Cocktails&#8221;.<\/span><\/p>\n<p>[\/vc_column_text][vc_single_image image=&#8221;4596&#8243; img_size=&#8221;full&#8221; alignment=&#8221;center&#8221; style=&#8221;vc_box_rounded&#8221;][vc_row_inner][vc_column_inner][\/vc_column_inner][\/vc_row_inner][\/vc_column][\/vc_row][vc_row][vc_column width=&#8221;1\/3&#8243;][vc_single_image image=&#8221;4599&#8243; img_size=&#8221;full&#8221; alignment=&#8221;center&#8221; style=&#8221;vc_box_border_circle_2&#8243; border_color=&#8221;violet&#8221; onclick=&#8221;link_image&#8221;][\/vc_column][vc_column width=&#8221;1\/3&#8243;][vc_single_image image=&#8221;4598&#8243; img_size=&#8221;full&#8221; alignment=&#8221;center&#8221; style=&#8221;vc_box_border&#8221; border_color=&#8221;violet&#8221; onclick=&#8221;link_image&#8221;][\/vc_column][vc_column width=&#8221;1\/3&#8243;][vc_single_image image=&#8221;4597&#8243; img_size=&#8221;full&#8221; alignment=&#8221;center&#8221; style=&#8221;vc_box_border_circle_2&#8243; border_color=&#8221;violet&#8221; onclick=&#8221;link_image&#8221;][\/vc_column][\/vc_row][vc_row][vc_column]<div class=\"btn-wrap align-center\"><a href=\"https:\/\/pravaistinaodiskoplesu.com\/en\/galerija-prava-istina-o-koktelima\/\" class=\"btn  btn-lg btn-second transform-uppercase color-text-default color-hover-default align-center cocktails-button\" id=\"like_sc_button_154011565\">See more photos<\/a><\/div>[\/vc_column][\/vc_row][vc_row][vc_column]<div class=\"es-resp\">\t<div class=\"hidden-sm hidden-ms hidden-xs\" style=\"height: 150px;\"><\/div>\t<div class=\"hidden-xl hidden-lg hidden-md hidden-xs\" style=\"height: 150px;\"><\/div>\t<div class=\"visible-xs\" style=\"height: 40px;\"><\/div><\/div>[\/vc_column][\/vc_row][\/vc_section][vc_section css=&#8221;.vc_custom_1538129313357{background-color: #d10459 !important;}&#8221; el_class=&#8221;subscribe-block-v2&#8243;][vc_row][vc_column width=&#8221;1\/2&#8243;]<div class=\"heading  default align-center color-white subcolor-second transform-all-up\" id=\"like_sc_header_1164366817\"><h2 class=\"header\">Upcoming performances<\/h2><\/div><div class=\"heading  default align-center color-black subcolor-second transform-all-up\" id=\"like_sc_header_527813661\"><h2 class=\"header\">And special offers<\/h2><\/div>[\/vc_column][vc_column width=&#8221;1\/2&#8243;][vc_column_text]<script>(function() {\n\twindow.mc4wp = window.mc4wp || {\n\t\tlisteners: [],\n\t\tforms: {\n\t\t\ton: function(evt, cb) {\n\t\t\t\twindow.mc4wp.listeners.push(\n\t\t\t\t\t{\n\t\t\t\t\t\tevent   : evt,\n\t\t\t\t\t\tcallback: cb\n\t\t\t\t\t}\n\t\t\t\t);\n\t\t\t}\n\t\t}\n\t}\n})();\n<\/script><!-- Mailchimp for WordPress v4.9.11 - https:\/\/wordpress.org\/plugins\/mailchimp-for-wp\/ --><form id=\"mc4wp-form-1\" class=\"mc4wp-form mc4wp-form-806\" method=\"post\" data-id=\"806\" data-name=\"Subscribe Form\" ><div class=\"mc4wp-form-fields\"><div class=\"input-group\">\r\n      <input type=\"email\" name=\"EMAIL\" placeholder=\"Your Email\" required \/>\r\n      <span class=\"input-group-btn\">\r\n        <button class=\"btn\" type=\"submit\">Sign up<\/button>\r\n      <\/span>\r\n<\/div><\/div><label style=\"display: none !important;\">Leave this field empty if you're human: <input type=\"text\" name=\"_mc4wp_honeypot\" value=\"\" tabindex=\"-1\" autocomplete=\"off\" \/><\/label><input type=\"hidden\" name=\"_mc4wp_timestamp\" value=\"1776418322\" \/><input type=\"hidden\" name=\"_mc4wp_form_id\" value=\"806\" \/><input type=\"hidden\" name=\"_mc4wp_form_element_id\" value=\"mc4wp-form-1\" \/><div class=\"mc4wp-response\"><\/div><\/form><!-- \/ Mailchimp for WordPress Plugin -->[\/vc_column_text][\/vc_column][\/vc_row][\/vc_section]<\/p>\n","protected":false},"excerpt":{"rendered":"<p>[vc_section full_width=&#8221;stretch_row&#8221; bg_overlay=&#8221;dark&#8221; css=&#8221;.vc_custom_1539248236277{background-image: url(https:\/\/pravaistinaodiskoplesu.com\/wp-content\/uploads\/2018\/10\/Pozadina_koktel.jpg?id=4803) !important;background-position: 0 0 !important;background-repeat: repeat !important;}&#8221; el_class=&#8221;block-cocktail&#8221;][vc_row][vc_column][\/vc_column][\/vc_row][vc_row][vc_column][vc_column_text css=&#8221;.vc_custom_1538056238740{margin-bottom: 100px !important;}&#8221;]Such a never-seen-before form of entertainment is innovation in the world of entertainment programs. This performance is a combination of laughter, dance, competition, entertainment and interaction with the audience, but is also educational. In a form of a 60-minute show, there [&hellip;]<\/p>\n","protected":false},"author":2,"featured_media":0,"parent":0,"menu_order":0,"comment_status":"closed","ping_status":"closed","template":"","meta":[],"yoast_head":"<!-- This site is optimized with the Yoast SEO plugin v15.9.2 - https:\/\/yoast.com\/wordpress\/plugins\/seo\/ -->\n<title>The real truth about cocktails - Prava Istina O Disko Plesu<\/title>\n<meta name=\"robots\" content=\"index, follow, max-snippet:-1, max-image-preview:large, max-video-preview:-1\" \/>\n<link rel=\"canonical\" href=\"https:\/\/pravaistinaodiskoplesu.com\/prava-istina-o-koktelima\/\" \/>\n<meta property=\"og:locale\" content=\"en_GB\" \/>\n<meta property=\"og:type\" content=\"article\" \/>\n<meta property=\"og:title\" content=\"The real truth about cocktails\" \/>\n<meta property=\"og:description\" content=\"[vc_section full_width=&#8221;stretch_row&#8221; bg_overlay=&#8221;dark&#8221; css=&#8221;.vc_custom_1539248236277{background-image: url(https:\/\/pravaistinaodiskoplesu.com\/wp-content\/uploads\/2018\/10\/Pozadina_koktel.jpg?id=4803) !important;background-position: 0 0 !important;background-repeat: repeat !important;}&#8221; el_class=&#8221;block-cocktail&#8221;][vc_row][vc_column][\/vc_column][\/vc_row][vc_row][vc_column][vc_column_text css=&#8221;.vc_custom_1538056238740{margin-bottom: 100px !important;}&#8221;]Such a never-seen-before form of entertainment is innovation in the world of entertainment programs. This performance is a combination of laughter, dance, competition, entertainment and interaction with the audience, but is also educational. In a form of a 60-minute show, there [&hellip;]\" \/>\n<meta property=\"og:url\" content=\"https:\/\/pravaistinaodiskoplesu.com\/prava-istina-o-koktelima\/\" \/>\n<meta property=\"og:site_name\" content=\"Prava Istina O Disko Plesu\" \/>\n<meta property=\"article:publisher\" content=\"https:\/\/www.facebook.com\/pravaistinaodiskoplesu\" \/>\n<meta property=\"article:modified_time\" content=\"2018-10-21T14:52:01+00:00\" \/>\n<meta name=\"twitter:card\" content=\"summary_large_image\" \/>\n<meta name=\"twitter:label1\" content=\"Estimated reading time\">\n\t<meta name=\"twitter:data1\" content=\"7 minutes\">\n<script type=\"application\/ld+json\" class=\"yoast-schema-graph\">{\"@context\":\"https:\/\/schema.org\",\"@graph\":[{\"@type\":\"WebSite\",\"@id\":\"https:\/\/pravaistinaodiskoplesu.com\/#website\",\"url\":\"https:\/\/pravaistinaodiskoplesu.com\/\",\"name\":\"Prava Istina O Disko Plesu\",\"description\":\"Plesni Stand-up za Va\\u0161 event\",\"potentialAction\":[{\"@type\":\"SearchAction\",\"target\":\"https:\/\/pravaistinaodiskoplesu.com\/?s={search_term_string}\",\"query-input\":\"required name=search_term_string\"}],\"inLanguage\":\"en-GB\"},{\"@type\":\"WebPage\",\"@id\":\"https:\/\/pravaistinaodiskoplesu.com\/prava-istina-o-koktelima\/#webpage\",\"url\":\"https:\/\/pravaistinaodiskoplesu.com\/prava-istina-o-koktelima\/\",\"name\":\"[:hr]Prava istina o koktelima[:en]The real truth about cocktails[:] - Prava Istina O Disko Plesu\",\"isPartOf\":{\"@id\":\"https:\/\/pravaistinaodiskoplesu.com\/#website\"},\"datePublished\":\"2018-09-06T11:41:30+00:00\",\"dateModified\":\"2018-10-21T14:52:01+00:00\",\"breadcrumb\":{\"@id\":\"https:\/\/pravaistinaodiskoplesu.com\/prava-istina-o-koktelima\/#breadcrumb\"},\"inLanguage\":\"en-GB\",\"potentialAction\":[{\"@type\":\"ReadAction\",\"target\":[\"https:\/\/pravaistinaodiskoplesu.com\/prava-istina-o-koktelima\/\"]}]},{\"@type\":\"BreadcrumbList\",\"@id\":\"https:\/\/pravaistinaodiskoplesu.com\/prava-istina-o-koktelima\/#breadcrumb\",\"itemListElement\":[{\"@type\":\"ListItem\",\"position\":1,\"item\":{\"@type\":\"WebPage\",\"@id\":\"https:\/\/pravaistinaodiskoplesu.com\/\",\"url\":\"https:\/\/pravaistinaodiskoplesu.com\/\",\"name\":\"Home\"}},{\"@type\":\"ListItem\",\"position\":2,\"item\":{\"@type\":\"WebPage\",\"@id\":\"https:\/\/pravaistinaodiskoplesu.com\/prava-istina-o-koktelima\/\",\"url\":\"https:\/\/pravaistinaodiskoplesu.com\/prava-istina-o-koktelima\/\",\"name\":\"The real truth about cocktails\"}}]}]}<\/script>\n<!-- \/ Yoast SEO plugin. -->","_links":{"self":[{"href":"https:\/\/pravaistinaodiskoplesu.com\/en\/wp-json\/wp\/v2\/pages\/3344"}],"collection":[{"href":"https:\/\/pravaistinaodiskoplesu.com\/en\/wp-json\/wp\/v2\/pages"}],"about":[{"href":"https:\/\/pravaistinaodiskoplesu.com\/en\/wp-json\/wp\/v2\/types\/page"}],"author":[{"embeddable":true,"href":"https:\/\/pravaistinaodiskoplesu.com\/en\/wp-json\/wp\/v2\/users\/2"}],"replies":[{"embeddable":true,"href":"https:\/\/pravaistinaodiskoplesu.com\/en\/wp-json\/wp\/v2\/comments?post=3344"}],"version-history":[{"count":0,"href":"https:\/\/pravaistinaodiskoplesu.com\/en\/wp-json\/wp\/v2\/pages\/3344\/revisions"}],"wp:attachment":[{"href":"https:\/\/pravaistinaodiskoplesu.com\/en\/wp-json\/wp\/v2\/media?parent=3344"}],"curies":[{"name":"wp","href":"https:\/\/api.w.org\/{rel}","templated":true}]}}